{"id":15677,"date":"2025-07-29T08:20:50","date_gmt":"2025-07-29T08:20:50","guid":{"rendered":"https:\/\/hotelmunsch.com\/?post_type=product&#038;p=15677"},"modified":"2025-07-29T09:36:51","modified_gmt":"2025-07-29T09:36:51","slug":"geschenkbox-gourmet-aufenthalt-2-nachte-copie-copie","status":"publish","type":"product","link":"https:\/\/hotelmunsch.com\/de\/produit\/geschenkbox-gourmet-aufenthalt-2-nachte-copie-copie\/","title":{"rendered":"Verw\u00f6hn- und Wellnessaufenthalt \/ 1 Nacht"},"content":{"rendered":"","protected":false},"excerpt":{"rendered":"<p>\u2022 1 \u00dcbernachtung im Superior Doppelzimmer mit Balkon und Blick auf Schloss und Weinberg<br \/>\n\u2022 1 All-you-can-eat-Fr\u00fchst\u00fccksbuffet mit Cr\u00e9mant d&#8217;Alsace<br \/>\n\u2022 1 4-G\u00e4nge-Men\u00fc am Abend (ohne Getr\u00e4nke)<br \/>\n\u2022 1 Zugang zum Hotel-Spa (Pool, Sauna, Hamam)<\/p>\n<p><span style=\"color: #991e4b;\"><strong>Geschenkbox \u2013 Verw\u00f6hn- und Wellnessaufenthalt \/ 1 Nacht<br \/>\n199 \u20ac F\u00dcR 2 PERSONEN<\/strong><\/span><\/p>\n","protected":false},"featured_media":15681,"template":"","meta":{"_seopress_robots_primary_cat":"none","_seopress_titles_title":"Geschenkbox - Feinschmecker Schritt 2 N\u00e4chte %%page%% %%sep%% %%sitename%%","_seopress_titles_desc":"Hotel Restaurant Hotel Geschenkbox im Elsass, Bieten Sie einen originellen Aufenthalt. Bietet einen Geschenkgutschein mit Fr\u00fchst\u00fcck und Mahlzeiten.","_seopress_robots_index":""},"etheme_brands":[],"product_brand":[],"product_cat":[93],"product_tag":[],"class_list":{"0":"post-15677","1":"product","2":"type-product","3":"status-publish","4":"has-post-thumbnail","6":"product_cat-geschenkboxen","8":"first","9":"instock","10":"taxable","11":"shipping-taxable","12":"product-type-external"},"_links":{"self":[{"href":"https:\/\/hotelmunsch.com\/de\/wp-json\/wp\/v2\/product\/15677","targetHints":{"allow":["GET"]}}],"collection":[{"href":"https:\/\/hotelmunsch.com\/de\/wp-json\/wp\/v2\/product"}],"about":[{"href":"https:\/\/hotelmunsch.com\/de\/wp-json\/wp\/v2\/types\/product"}],"wp:featuredmedia":[{"embeddable":true,"href":"https:\/\/hotelmunsch.com\/de\/wp-json\/wp\/v2\/media\/15681"}],"wp:attachment":[{"href":"https:\/\/hotelmunsch.com\/de\/wp-json\/wp\/v2\/media?parent=15677"}],"wp:term":[{"taxonomy":"brand","embeddable":true,"href":"https:\/\/hotelmunsch.com\/de\/wp-json\/wp\/v2\/etheme_brands?post=15677"},{"taxonomy":"product_brand","embeddable":true,"href":"https:\/\/hotelmunsch.com\/de\/wp-json\/wp\/v2\/product_brand?post=15677"},{"taxonomy":"product_cat","embeddable":true,"href":"https:\/\/hotelmunsch.com\/de\/wp-json\/wp\/v2\/product_cat?post=15677"},{"taxonomy":"product_tag","embeddable":true,"href":"https:\/\/hotelmunsch.com\/de\/wp-json\/wp\/v2\/product_tag?post=15677"}],"curies":[{"name":"wp","href":"https:\/\/api.w.org\/{rel}","templated":true}]}}