{"id":8983,"date":"2019-08-22T17:09:02","date_gmt":"2019-08-22T17:09:02","guid":{"rendered":"http:\/\/auxducsdelorraine.com\/reservation-table-restaurant\/"},"modified":"2019-09-11T17:58:35","modified_gmt":"2019-09-11T17:58:35","slug":"restaurant-tischreservierung","status":"publish","type":"page","link":"https:\/\/hotelmunsch.com\/de\/hotel-restaurant-en-alsace\/restaurant\/restaurant-tischreservierung\/","title":{"rendered":"Restaurant Tischreservierung"},"content":{"rendered":"<div class=\"wpb-content-wrapper\"><p>[vc_row][vc_column][vc_column_text]<\/p>\n<p style=\"text-align: center;\">Das Team des Restaurants Aux Ducs de Lorraine wird Sie telefonisch oder per E-Mail kontaktieren, um Ihre Reservierung zu best\u00e4tigen.<\/p>\n<p>[\/vc_column_text]\n<div class=\"wpcf7 no-js\" id=\"wpcf7-f8973-o1\" lang=\"fr-FR\" dir=\"ltr\" data-wpcf7-id=\"8973\">\n<div class=\"screen-reader-response\"><p role=\"status\" aria-live=\"polite\" aria-atomic=\"true\"><\/p> <ul><\/ul><\/div>\n<form action=\"\/de\/wp-json\/wp\/v2\/pages\/8983#wpcf7-f8973-o1\" method=\"post\" class=\"wpcf7-form init\" aria-label=\"Contact form\" novalidate=\"novalidate\" data-status=\"init\">\n<fieldset class=\"hidden-fields-container\"><input type=\"hidden\" name=\"_wpcf7\" value=\"8973\" \/><input type=\"hidden\" name=\"_wpcf7_version\" value=\"6.1.5\" \/><input type=\"hidden\" name=\"_wpcf7_locale\" value=\"fr_FR\" \/><input type=\"hidden\" name=\"_wpcf7_unit_tag\" value=\"wpcf7-f8973-o1\" \/><input type=\"hidden\" name=\"_wpcf7_container_post\" value=\"0\" \/><input type=\"hidden\" name=\"_wpcf7_posted_data_hash\" value=\"\" \/><input type=\"hidden\" name=\"_wpcf7_recaptcha_response\" value=\"\" \/>\n<\/fieldset>\n<div class=\"wpcf7-response-output\" aria-hidden=\"true\"><\/div>\n<div class=\"row\">\n\t<div class=\"col-md-6\">\n\t\t<p>Vollst\u00e4ndiger Name<br \/>\n<span class=\"fa fa-user\"><\/span><span class=\"wpcf7-form-control-wrap\" data-name=\"nom\"><input size=\"40\" maxlength=\"400\" class=\"wpcf7-form-control wpcf7-text wpcf7-validates-as-required\" aria-required=\"true\" aria-invalid=\"false\" value=\"\" type=\"text\" name=\"nom\" \/><\/span>\n\t\t<\/p>\n\t<\/div>\n\t<div class=\"col-md-6\">\n\t\t<p>Postanschrift<br \/>\n<span class=\"fa fa-map-marker\"><\/span><span class=\"wpcf7-form-control-wrap\" data-name=\"adresse\"><input size=\"40\" maxlength=\"400\" class=\"wpcf7-form-control wpcf7-text wpcf7-validates-as-required\" aria-required=\"true\" aria-invalid=\"false\" value=\"\" type=\"text\" name=\"adresse\" \/><\/span>\n\t\t<\/p>\n\t<\/div>\n\t<div class=\"col-md-6\">\n\t\t<p>E-mail<br \/>\n<span class=\"fa fa-envelope\"><\/span><span class=\"wpcf7-form-control-wrap\" data-name=\"emailito\"><input size=\"40\" maxlength=\"400\" class=\"wpcf7-form-control wpcf7-email wpcf7-validates-as-required wpcf7-text wpcf7-validates-as-email\" aria-required=\"true\" aria-invalid=\"false\" value=\"\" type=\"email\" name=\"emailito\" \/><\/span>\n\t\t<\/p>\n\t<\/div>\n\t<div class=\"col-md-6\">\n\t\t<p>Telefon<br \/>\n<span class=\"fa fa-phone\"><\/span><span class=\"wpcf7-form-control-wrap\" data-name=\"telephoneo\"><input size=\"40\" maxlength=\"400\" class=\"wpcf7-form-control wpcf7-tel wpcf7-validates-as-required wpcf7-text wpcf7-validates-as-tel\" aria-required=\"true\" aria-invalid=\"false\" value=\"\" type=\"tel\" name=\"telephoneo\" \/><\/span>\n\t\t<\/p>\n\t<\/div>\n\t<div class=\"col-md-4\">\n\t\t<p>Datum<br \/>\n<span class=\"fa fa-calendar\"><\/span><span class=\"wpcf7-form-control-wrap\" data-name=\"date-348\"><input class=\"wpcf7-form-control wpcf7-date wpcf7-validates-as-date\" aria-invalid=\"false\" placeholder=\"W\u00e4hlen\" value=\"\" type=\"date\" name=\"date-348\" \/><\/span>\n\t\t<\/p>\n\t<\/div>\n\t<div class=\"col-md-4\">\n\t\t<p>Zeit<br \/>\n<span class=\"fa fa-clock-o\"><\/span><span class=\"wpcf7-form-control-wrap\" data-name=\"menu-993\"><select class=\"wpcf7-form-control wpcf7-select wpcf7-validates-as-required\" aria-required=\"true\" aria-invalid=\"false\" name=\"menu-993\"><option value=\"\">W\u00e4hlen<\/option><option value=\"-- Mittagessen --\">-- Mittagessen --<\/option><option value=\"12Uhr:00\">12Uhr:00<\/option><option value=\"12Uhr:30\">12Uhr:30<\/option><option value=\"13Uhr:00\">13Uhr:00<\/option><option value=\"13Uhr:30\">13Uhr:30<\/option><option value=\"-- Abendessen --\">-- Abendessen --<\/option><option value=\"19Uhr:30\">19Uhr:30<\/option><option value=\"20Uhr:00\">20Uhr:00<\/option><option value=\"20Uhr:30\">20Uhr:30<\/option><option value=\"21Uhr:00\">21Uhr:00<\/option><option value=\"21Uhr:30\">21Uhr:30<\/option><\/select><\/span>\n\t\t<\/p>\n\t<\/div>\n\t<div class=\"col-md-4\">\n\t\t<p>Anzahl der Personen<br \/>\n<span class=\"wpcf7-form-control-wrap\" data-name=\"adults\"><select class=\"wpcf7-form-control wpcf7-select wpcf7-validates-as-required\" aria-required=\"true\" aria-invalid=\"false\" name=\"adults\"><option value=\"\">W\u00e4hlen<\/option><option value=\"1\">1<\/option><option value=\"2\">2<\/option><option value=\"3\">3<\/option><option value=\"4\">4<\/option><option value=\"5\">5<\/option><option value=\"6\">6<\/option><option value=\"7\">7<\/option><option value=\"8\">8<\/option><option value=\"9\">9<\/option><option value=\"10\">10<\/option><option value=\"mehr als 10\">mehr als 10<\/option><\/select><\/span>\n\t\t<\/p>\n\t<\/div>\n\t<div class=\"col-md-12\">\n\t\t<p><span class=\"wpcf7-form-control-wrap\" data-name=\"textarea-74\"><textarea cols=\"40\" rows=\"10\" maxlength=\"2000\" class=\"wpcf7-form-control wpcf7-textarea wpcf7-validates-as-required\" aria-required=\"true\" aria-invalid=\"false\" placeholder=\"Nachricht\" name=\"textarea-74\"><\/textarea><\/span>\n\t\t<\/p>\n\t\t<p><span id=\"wpcf7-69f1e85e64809-wrapper\" class=\"wpcf7-form-control-wrap email-wrap\" style=\"display:none !important; visibility:hidden !important;\"><label for=\"wpcf7-69f1e85e64809-field\" class=\"hp-message\">Please leave this field empty.<\/label><input id=\"wpcf7-69f1e85e64809-field\"  class=\"wpcf7-form-control wpcf7-text\" type=\"text\" name=\"email\" value=\"\" size=\"40\" tabindex=\"-1\" autocomplete=\"new-password\" \/><\/span>\n\t\t<\/p>\n\t\t<p class=\"responsive-center resp-margin\"><input class=\"wpcf7-form-control wpcf7-submit has-spinner\" type=\"submit\" value=\"SENDEN\" \/>\n\t\t<\/p>\n\t<\/div>\n<\/div>\n<p style=\"display: none !important;\" class=\"akismet-fields-container\" data-prefix=\"_wpcf7_ak_\"><label>&#916;<textarea name=\"_wpcf7_ak_hp_textarea\" cols=\"45\" rows=\"8\" maxlength=\"100\"><\/textarea><\/label><input type=\"hidden\" id=\"ak_js_1\" name=\"_wpcf7_ak_js\" value=\"187\"\/><script type=\"text\/javascript\">\n\/* <![CDATA[ *\/\ndocument.getElementById( \"ak_js_1\" ).setAttribute( \"value\", ( new Date() ).getTime() );\n\/* ]]> *\/\n<\/script>\n<\/p>\n<\/form>\n<\/div>\n[vc_column_text]<\/p>\n<p style=\"text-align: center;\">Sie erhalten eine Best\u00e4tigungs-E-Mail, in der best\u00e4tigt wird, dass Ihre Anfrage ber\u00fccksichtigt wurde.<\/p>\n<p>[\/vc_column_text][\/vc_column][\/vc_row]<\/p>\n<\/div>","protected":false},"excerpt":{"rendered":"<p>[vc_row][vc_column][vc_column_text] Das Team des Restaurants Aux Ducs de Lorraine wird Sie telefonisch oder per E-Mail kontaktieren, um Ihre Reservierung zu best\u00e4tigen. [\/vc_column_text][vc_column_text] Sie erhalten eine&#8230;<\/p>\n","protected":false},"author":1,"featured_media":0,"parent":9087,"menu_order":1,"comment_status":"closed","ping_status":"closed","template":"","meta":{"_seopress_robots_primary_cat":"","_seopress_titles_title":"","_seopress_titles_desc":"","_seopress_robots_index":"","footnotes":""},"class_list":["post-8983","page","type-page","status-publish","hentry"],"_links":{"self":[{"href":"https:\/\/hotelmunsch.com\/de\/wp-json\/wp\/v2\/pages\/8983","targetHints":{"allow":["GET"]}}],"collection":[{"href":"https:\/\/hotelmunsch.com\/de\/wp-json\/wp\/v2\/pages"}],"about":[{"href":"https:\/\/hotelmunsch.com\/de\/wp-json\/wp\/v2\/types\/page"}],"author":[{"embeddable":true,"href":"https:\/\/hotelmunsch.com\/de\/wp-json\/wp\/v2\/users\/1"}],"replies":[{"embeddable":true,"href":"https:\/\/hotelmunsch.com\/de\/wp-json\/wp\/v2\/comments?post=8983"}],"version-history":[{"count":2,"href":"https:\/\/hotelmunsch.com\/de\/wp-json\/wp\/v2\/pages\/8983\/revisions"}],"predecessor-version":[{"id":8986,"href":"https:\/\/hotelmunsch.com\/de\/wp-json\/wp\/v2\/pages\/8983\/revisions\/8986"}],"up":[{"embeddable":true,"href":"https:\/\/hotelmunsch.com\/de\/wp-json\/wp\/v2\/pages\/9087"}],"wp:attachment":[{"href":"https:\/\/hotelmunsch.com\/de\/wp-json\/wp\/v2\/media?parent=8983"}],"curies":[{"name":"wp","href":"https:\/\/api.w.org\/{rel}","templated":true}]}}